{"id":8,"date":"2019-10-07T12:21:00","date_gmt":"2019-10-07T10:21:00","guid":{"rendered":"http:\/\/intranet.salvamentosada.com\/?page_id=8"},"modified":"2019-10-08T10:32:21","modified_gmt":"2019-10-08T08:32:21","slug":"inicio","status":"publish","type":"page","link":"https:\/\/intranet.salvamentosada.com\/","title":{"rendered":"Inicio"},"content":{"rendered":"<p>Estas en un espacio reservado para los socios y la directiva del Club de Salvamento Sada.<\/p>\n<p>Para poder entrar tienes que ser miembro de nuestro club y\u00a0<a href=\"http:\/\/intranet.salvamentosada.com\/?action=register\"><strong>Reg\u00edstrate aqu\u00ed.<\/strong><\/a><\/p>\n<p>Si ya estas registrado<a href=\"http:\/\/intranet.salvamentosada.com\/?action=login\"><strong> Inicia aqu\u00ed tu sesi\u00f3n\u00a0<\/strong><\/a><\/p>\n","protected":false},"excerpt":{"rendered":"<p>Estas en un espacio reservado para los socios y la directiva del Club de Salvamento Sada. Para poder entrar tienes que ser miembro de nuestro club y\u00a0Reg\u00edstrate aqu\u00ed. Si ya estas registrado Inicia aqu\u00ed tu sesi\u00f3n\u00a0<\/p>\n","protected":false},"author":1,"featured_media":0,"parent":0,"menu_order":0,"comment_status":"closed","ping_status":"closed","template":"","meta":[],"_links":{"self":[{"href":"https:\/\/intranet.salvamentosada.com\/index.php?rest_route=\/wp\/v2\/pages\/8"}],"collection":[{"href":"https:\/\/intranet.salvamentosada.com\/index.php?rest_route=\/wp\/v2\/pages"}],"about":[{"href":"https:\/\/intranet.salvamentosada.com\/index.php?rest_route=\/wp\/v2\/types\/page"}],"author":[{"embeddable":true,"href":"https:\/\/intranet.salvamentosada.com\/index.php?rest_route=\/wp\/v2\/users\/1"}],"replies":[{"embeddable":true,"href":"https:\/\/intranet.salvamentosada.com\/index.php?rest_route=%2Fwp%2Fv2%2Fcomments&post=8"}],"version-history":[{"count":3,"href":"https:\/\/intranet.salvamentosada.com\/index.php?rest_route=\/wp\/v2\/pages\/8\/revisions"}],"predecessor-version":[{"id":82,"href":"https:\/\/intranet.salvamentosada.com\/index.php?rest_route=\/wp\/v2\/pages\/8\/revisions\/82"}],"wp:attachment":[{"href":"https:\/\/intranet.salvamentosada.com\/index.php?rest_route=%2Fwp%2Fv2%2Fmedia&parent=8"}],"curies":[{"name":"wp","href":"https:\/\/api.w.org\/{rel}","templated":true}]}}